{"id":25678,"date":"2024-03-19T16:06:26","date_gmt":"2024-03-19T14:06:26","guid":{"rendered":"https:\/\/t4t-com-php8.wp-dev.int.theitops.net\/?page_id=25678"},"modified":"2025-05-09T14:40:51","modified_gmt":"2025-05-09T11:40:51","slug":"education","status":"publish","type":"page","link":"https:\/\/www.t4trade-be.com\/vi\/education\/","title":{"rendered":"Education"},"content":{"rendered":"<div data-elementor-type=\"wp-page\" data-elementor-id=\"25678\" class=\"elementor elementor-25678\" data-elementor-post-type=\"page\">\n\t\t\t\t<div class=\"elementor-element elementor-element-6efe197 e-flex e-con-boxed wpr-particle-no wpr-jarallax-no wpr-parallax-no wpr-sticky-section-no e-con e-parent\" data-id=\"6efe197\" data-element_type=\"container\" data-settings=\"{&quot;background_background&quot;:&quot;classic&quot;}\">\n\t\t\t\t\t<div class=\"e-con-inner\">\n\t\t<div class=\"elementor-element elementor-element-bf879dd e-flex e-con-boxed wpr-particle-no wpr-jarallax-no wpr-parallax-no wpr-sticky-section-no e-con e-child\" data-id=\"bf879dd\" data-element_type=\"container\">\n\t\t\t\t\t<div class=\"e-con-inner\">\n\t\t\t\t<div class=\"elementor-element elementor-element-68d4840 elementor-widget elementor-widget-heading\" data-id=\"68d4840\" data-element_type=\"widget\" data-widget_type=\"heading.default\">\n\t\t\t\t<div class=\"elementor-widget-container\">\n\t\t\t\t\t<h1 class=\"elementor-heading-title elementor-size-default\">Ki\u1ebfn th\u1ee9c v\u1ec1 giao d\u1ecbch<\/h1>\t\t\t\t<\/div>\n\t\t\t\t<\/div>\n\t\t\t\t<div class=\"elementor-element elementor-element-984ec24 elementor-widget elementor-widget-heading\" data-id=\"984ec24\" data-element_type=\"widget\" data-widget_type=\"heading.default\">\n\t\t\t\t<div class=\"elementor-widget-container\">\n\t\t\t\t\t<p class=\"elementor-heading-title elementor-size-default\">N\u00e2ng t\u1ea7m ki\u1ebfn th\u1ee9c v\u1ec1 giao d\u1ecbch c\u1ee7a b\u1ea1n th\u00f4ng qua c\u00e1c t\u00e0i li\u1ec7u \u0111\u00e0o t\u1ea1o \u0111\u1ed9c \u0111\u00e1o m\u00e0 ch\u00fang t\u00f4i cung c\u1ea5p, bao g\u1ed3m h\u1ed9i th\u1ea3o tr\u1ef1c tuy\u1ebfn, podcast v\u00e0 video.<\/p>\t\t\t\t<\/div>\n\t\t\t\t<\/div>\n\t\t\t\t\t<\/div>\n\t\t\t\t<\/div>\n\t\t\t\t\t<\/div>\n\t\t\t\t<\/div>\n\t\t<div class=\"elementor-element elementor-element-9c5d413 e-flex e-con-boxed wpr-particle-no wpr-jarallax-no wpr-parallax-no wpr-sticky-section-no e-con e-parent\" data-id=\"9c5d413\" data-element_type=\"container\" data-settings=\"{&quot;background_background&quot;:&quot;classic&quot;}\">\n\t\t\t\t\t<div class=\"e-con-inner\">\n\t\t<div class=\"elementor-element elementor-element-81828cd e-flex e-con-boxed wpr-particle-no wpr-jarallax-no wpr-parallax-no wpr-sticky-section-no e-con e-child\" data-id=\"81828cd\" data-element_type=\"container\" data-settings=\"{&quot;background_background&quot;:&quot;classic&quot;}\">\n\t\t\t\t\t<div class=\"e-con-inner\">\n\t\t\t\t<div class=\"elementor-element elementor-element-094c260 elementor-widget elementor-widget-heading\" data-id=\"094c260\" data-element_type=\"widget\" data-widget_type=\"heading.default\">\n\t\t\t\t<div class=\"elementor-widget-container\">\n\t\t\t\t\t<h2 class=\"elementor-heading-title elementor-size-default\"><a href=\"\/vi\/education\/webinars\/#\/upcoming\">H\u1ed9i th\u1ea3o tr\u1ef1c tuy\u1ebfn v\u1ec1 Forex<\/a><\/h2>\t\t\t\t<\/div>\n\t\t\t\t<\/div>\n\t\t\t\t<div class=\"elementor-element elementor-element-c045db9 elementor-widget elementor-widget-heading\" data-id=\"c045db9\" data-element_type=\"widget\" data-widget_type=\"heading.default\">\n\t\t\t\t<div class=\"elementor-widget-container\">\n\t\t\t\t\t<p class=\"elementor-heading-title elementor-size-default\"><a href=\"\/vi\/education\/webinars\/#\/upcoming\">Ti\u1ebfp c\u1eadn v\u1edbi nh\u1eefng ki\u1ebfn th\u1ee9c giao d\u1ecbch chuy\u00ean s\u00e2u v\u00e0 h\u1eefu \u00edch, t\u1eeb \u0111\u00f3 n\u00e2ng t\u1ea7m c\u00e1c chi\u1ebfn l\u01b0\u1ee3c c\u1ee7a b\u1ea1n th\u00f4ng qua c\u00e1c h\u1ed9i th\u1ea3o tr\u1ef1c tuy\u1ebfn \u0111\u1ed9c quy\u1ec1n v\u1ec1 Forex t\u1eeb c\u00e1c chuy\u00ean gia c\u1ee7a ch\u00fang t\u00f4i.<\/a><\/p>\t\t\t\t<\/div>\n\t\t\t\t<\/div>\n\t\t\t\t<div class=\"elementor-element elementor-element-0074ae1 elementor-widget elementor-widget-image\" data-id=\"0074ae1\" data-element_type=\"widget\" data-widget_type=\"image.default\">\n\t\t\t\t<div class=\"elementor-widget-container\">\n\t\t\t\t\t\t\t\t\t\t\t\t\t\t\t\t<a href=\"\/vi\/education\/webinars\/#\/upcoming\">\n\t\t\t\t\t\t\t<img fetchpriority=\"high\" decoding=\"async\" width=\"386\" height=\"372\" src=\"\/wp-content\/uploads\/2023\/04\/play-icon.png\" class=\"attachment-full size-full wp-image-17315\" alt=\"Colorful play button on blue and purple background.\" style=\"width:100%;height:96.37%;max-width:386px\" \/>\t\t\t\t\t\t\t\t<\/a>\n\t\t\t\t\t\t\t\t\t\t\t\t\t\t\t<\/div>\n\t\t\t\t<\/div>\n\t\t\t\t\t<\/div>\n\t\t\t\t<\/div>\n\t\t<div class=\"elementor-element elementor-element-088fab9 e-flex e-con-boxed wpr-particle-no wpr-jarallax-no wpr-parallax-no wpr-sticky-section-no e-con e-child\" data-id=\"088fab9\" data-element_type=\"container\" data-settings=\"{&quot;background_background&quot;:&quot;classic&quot;}\">\n\t\t\t\t\t<div class=\"e-con-inner\">\n\t\t\t\t<div class=\"elementor-element elementor-element-0b1ee91 elementor-widget elementor-widget-heading\" data-id=\"0b1ee91\" data-element_type=\"widget\" data-widget_type=\"heading.default\">\n\t\t\t\t<div class=\"elementor-widget-container\">\n\t\t\t\t\t<h2 class=\"elementor-heading-title elementor-size-default\"><a href=\"\/vi\/education\/podcasts\/\">Podcast v\u1ec1 Forex<\/a><\/h2>\t\t\t\t<\/div>\n\t\t\t\t<\/div>\n\t\t\t\t<div class=\"elementor-element elementor-element-3f9f7c7 elementor-widget elementor-widget-heading\" data-id=\"3f9f7c7\" data-element_type=\"widget\" data-widget_type=\"heading.default\">\n\t\t\t\t<div class=\"elementor-widget-container\">\n\t\t\t\t\t<p class=\"elementor-heading-title elementor-size-default\"><a href=\"\/vi\/education\/podcasts\/\">Nghe podcast v\u1ec1 Forex \u0111\u1ec3 b\u1ed5 sung ki\u1ebfn th\u1ee9c v\u00e0 m\u00e0i gi\u0169a k\u1ef9 n\u0103ng giao d\u1ecbch c\u1ee7a b\u1ea1n.<\/a><\/p>\t\t\t\t<\/div>\n\t\t\t\t<\/div>\n\t\t\t\t<div class=\"elementor-element elementor-element-432a72e elementor-widget elementor-widget-image\" data-id=\"432a72e\" data-element_type=\"widget\" data-widget_type=\"image.default\">\n\t\t\t\t<div class=\"elementor-widget-container\">\n\t\t\t\t\t\t\t\t\t\t\t\t\t\t\t\t<a href=\"\/vi\/education\/podcasts\/\">\n\t\t\t\t\t\t\t<img decoding=\"async\" width=\"217\" height=\"208\" src=\"\/wp-content\/uploads\/2024\/03\/forex-podcasts.png\" class=\"attachment-full size-full wp-image-25722\" alt=\"\" srcset=\"\/wp-content\/uploads\/2024\/03\/forex-podcasts.png 217w, \/wp-content\/uploads\/2024\/03\/forex-podcasts-13x12.png 13w\" sizes=\"(max-width: 217px) 100vw, 217px\" style=\"width:100%;height:95.85%;max-width:217px\" \/>\t\t\t\t\t\t\t\t<\/a>\n\t\t\t\t\t\t\t\t\t\t\t\t\t\t\t<\/div>\n\t\t\t\t<\/div>\n\t\t\t\t\t<\/div>\n\t\t\t\t<\/div>\n\t\t\t\t\t<\/div>\n\t\t\t\t<\/div>\n\t\t<div class=\"elementor-element elementor-element-b4d19aa e-flex e-con-boxed wpr-particle-no wpr-jarallax-no wpr-parallax-no wpr-sticky-section-no e-con e-parent\" data-id=\"b4d19aa\" data-element_type=\"container\" data-settings=\"{&quot;background_background&quot;:&quot;classic&quot;}\">\n\t\t\t\t\t<div class=\"e-con-inner\">\n\t\t<div class=\"elementor-element elementor-element-57546fe e-flex e-con-boxed wpr-particle-no wpr-jarallax-no wpr-parallax-no wpr-sticky-section-no e-con e-child\" data-id=\"57546fe\" data-element_type=\"container\" data-settings=\"{&quot;background_background&quot;:&quot;classic&quot;}\">\n\t\t\t\t\t<div class=\"e-con-inner\">\n\t\t\t\t<div class=\"elementor-element elementor-element-06afdb6 elementor-widget elementor-widget-heading\" data-id=\"06afdb6\" data-element_type=\"widget\" data-widget_type=\"heading.default\">\n\t\t\t\t<div class=\"elementor-widget-container\">\n\t\t\t\t\t<h2 class=\"elementor-heading-title elementor-size-default\"><a href=\"\/vi\/education\/video-on-demand\/\">Video theo y\u00eau c\u1ea7u<\/a><\/h2>\t\t\t\t<\/div>\n\t\t\t\t<\/div>\n\t\t\t\t<div class=\"elementor-element elementor-element-feed195 elementor-widget elementor-widget-heading\" data-id=\"feed195\" data-element_type=\"widget\" data-widget_type=\"heading.default\">\n\t\t\t\t<div class=\"elementor-widget-container\">\n\t\t\t\t\t<p class=\"elementor-heading-title elementor-size-default\"><a href=\"\/vi\/education\/video-on-demand\/\">C\u00e1c video b\u1ed5 \u00edch c\u1ee7a ch\u00fang t\u00f4i cung c\u1ea5p c\u00e1c m\u1eb9o trong giao d\u1ecbch, ngu\u1ed3n th\u00f4ng tin chuy\u00ean s\u00e2u \u0111\u1ed9c quy\u1ec1n v\u1ec1 th\u1ecb tr\u01b0\u1eddng v\u00e0 c\u00e1c b\u00e0i \u0111\u00e1nh gi\u00e1 th\u1ecb tr\u01b0\u1eddng m\u1ed7i ng\u00e0y d\u00e0nh cho c\u1ea3 ng\u01b0\u1eddi m\u1edbi b\u1eaft \u0111\u1ea7u l\u1eabn c\u00e1c nh\u00e0 giao d\u1ecbch gi\u00e0u kinh nghi\u1ec7m.<\/a><\/p>\t\t\t\t<\/div>\n\t\t\t\t<\/div>\n\t\t\t\t<div class=\"elementor-element elementor-element-8999b4e elementor-widget elementor-widget-image\" data-id=\"8999b4e\" data-element_type=\"widget\" data-widget_type=\"image.default\">\n\t\t\t\t<div class=\"elementor-widget-container\">\n\t\t\t\t\t\t\t\t\t\t\t\t\t\t\t\t<a href=\"\/vi\/education\/video-on-demand\/\">\n\t\t\t\t\t\t\t<img decoding=\"async\" width=\"217\" height=\"167\" src=\"\/wp-content\/uploads\/2024\/03\/trading-videos-2.png\" class=\"attachment-full size-full wp-image-25721\" alt=\"\" srcset=\"\/wp-content\/uploads\/2024\/03\/trading-videos-2.png 217w, \/wp-content\/uploads\/2024\/03\/trading-videos-2-16x12.png 16w\" sizes=\"(max-width: 217px) 100vw, 217px\" style=\"width:100%;height:76.96%;max-width:217px\" \/>\t\t\t\t\t\t\t\t<\/a>\n\t\t\t\t\t\t\t\t\t\t\t\t\t\t\t<\/div>\n\t\t\t\t<\/div>\n\t\t\t\t\t<\/div>\n\t\t\t\t<\/div>\n\t\t<div class=\"elementor-element elementor-element-7cb1297 e-flex e-con-boxed wpr-particle-no wpr-jarallax-no wpr-parallax-no wpr-sticky-section-no e-con e-child\" data-id=\"7cb1297\" data-element_type=\"container\" data-settings=\"{&quot;background_background&quot;:&quot;classic&quot;}\">\n\t\t\t\t\t<div class=\"e-con-inner\">\n\t\t\t\t<div class=\"elementor-element elementor-element-87aca16 elementor-widget elementor-widget-heading\" data-id=\"87aca16\" data-element_type=\"widget\" data-widget_type=\"heading.default\">\n\t\t\t\t<div class=\"elementor-widget-container\">\n\t\t\t\t\t<h2 class=\"elementor-heading-title elementor-size-default\"><a href=\"\/vi\/start-reading-our-free-trading-ebooks\/\">S\u00e1ch \u0111i\u1ec7n t\u1eed<\/a><\/h2>\t\t\t\t<\/div>\n\t\t\t\t<\/div>\n\t\t\t\t<div class=\"elementor-element elementor-element-50865d5 elementor-widget elementor-widget-heading\" data-id=\"50865d5\" data-element_type=\"widget\" data-widget_type=\"heading.default\">\n\t\t\t\t<div class=\"elementor-widget-container\">\n\t\t\t\t\t<p class=\"elementor-heading-title elementor-size-default\"><a href=\"\/vi\/start-reading-our-free-trading-ebooks\/\">\u0110\u01b0\u1ee3c thi\u1ebft k\u1ebf b\u1edfi \u0111\u1ed9i ng\u0169 nghi\u00ean c\u1ee9u, kho t\u00e0ng eBook c\u1ee7a ch\u00fang t\u00f4i cung c\u1ea5p nhi\u1ec1u m\u1eb9o giao d\u1ecbch v\u00e0 gi\u00fap b\u1ea1n b\u1ed5 sung \u0111\u1ee7 ki\u1ebfn th\u1ee9c n\u1ec1n t\u1ea3ng \u0111\u1ec3 n\u00e2ng t\u1ea7m tr\u1ea3i nghi\u1ec7m khi giao d\u1ecbch.<\/a><\/p>\t\t\t\t<\/div>\n\t\t\t\t<\/div>\n\t\t\t\t<div class=\"elementor-element elementor-element-0c12e9b elementor-widget elementor-widget-image\" data-id=\"0c12e9b\" data-element_type=\"widget\" data-widget_type=\"image.default\">\n\t\t\t\t<div class=\"elementor-widget-container\">\n\t\t\t\t\t\t\t\t\t\t\t\t\t\t\t\t<a href=\"\/vi\/start-reading-our-free-trading-ebooks\/\">\n\t\t\t\t\t\t\t<img loading=\"lazy\" decoding=\"async\" width=\"206\" height=\"190\" src=\"\/wp-content\/uploads\/2024\/03\/ebook.png\" class=\"attachment-full size-full wp-image-25723\" alt=\"\" srcset=\"\/wp-content\/uploads\/2024\/03\/ebook.png 206w, \/wp-content\/uploads\/2024\/03\/ebook-13x12.png 13w\" sizes=\"(max-width: 206px) 100vw, 206px\" style=\"width:100%;height:92.23%;max-width:206px\" \/>\t\t\t\t\t\t\t\t<\/a>\n\t\t\t\t\t\t\t\t\t\t\t\t\t\t\t<\/div>\n\t\t\t\t<\/div>\n\t\t\t\t\t<\/div>\n\t\t\t\t<\/div>\n\t\t\t\t\t<\/div>\n\t\t\t\t<\/div>\n\t\t\t\t<\/div>","protected":false},"excerpt":{"rendered":"<p>T4Trade Education Improve your trading knowledge with our unique educational resources, including webinars, podcasts and trading videos. Forex&#8230;<\/p>","protected":false},"author":1,"featured_media":0,"parent":0,"menu_order":0,"comment_status":"closed","ping_status":"closed","template":"elementor_header_footer","meta":{"_acf_changed":false,"inline_featured_image":false,"footnotes":""},"class_list":["post-25678","page","type-page","status-publish","hentry","entry"],"acf":[],"yoast_head":"<!-- This site is optimized with the Yoast SEO Premium plugin v26.2 (Yoast SEO v26.5) - https:\/\/yoast.com\/wordpress\/plugins\/seo\/ -->\n<title>Trading Education | Webinars, podcasts and Video on Demand<\/title>\n<meta name=\"description\" content=\"Improve your trading skills with unique educational resources from our Trading Education, including webinars, podcasts and videos.\" \/>\n<meta name=\"robots\" content=\"index, follow, max-snippet:-1, max-image-preview:large, max-video-preview:-1\" \/>\n<link rel=\"canonical\" href=\"https:\/\/www.t4trade.com\/vi\/education\/\" \/>\n<meta property=\"og:locale\" content=\"vi_VN\" \/>\n<meta property=\"og:type\" content=\"article\" \/>\n<meta property=\"og:title\" content=\"Education\" \/>\n<meta property=\"og:description\" content=\"Improve your trading skills with unique educational resources from our Trading Education, including webinars, podcasts and videos.\" \/>\n<meta property=\"og:url\" content=\"https:\/\/www.t4trade-be.com\/vi\/education\/\" \/>\n<meta property=\"og:site_name\" content=\"T4Trade\" \/>\n<meta property=\"article:modified_time\" content=\"2025-05-09T11:40:51+00:00\" \/>\n<meta name=\"twitter:card\" content=\"summary_large_image\" \/>\n<meta name=\"twitter:label1\" content=\"\u01af\u1edbc t\u00ednh th\u1eddi gian \u0111\u1ecdc\" \/>\n\t<meta name=\"twitter:data1\" content=\"2 ph\u00fat\" \/>\n<script type=\"application\/ld+json\" class=\"yoast-schema-graph\">{\"@context\":\"https:\/\/schema.org\",\"@graph\":[{\"@type\":\"WebPage\",\"@id\":\"https:\/\/www.t4trade-be.com\/vi\/education\/\",\"url\":\"https:\/\/www.t4trade-be.com\/vi\/education\/\",\"name\":\"Trading Education | Webinars, podcasts and Video on Demand\",\"isPartOf\":{\"@id\":\"https:\/\/www.t4trade-be.com\/vi\/#website\"},\"datePublished\":\"2024-03-19T14:06:26+00:00\",\"dateModified\":\"2025-05-09T11:40:51+00:00\",\"description\":\"Improve your trading skills with unique educational resources from our Trading Education, including webinars, podcasts and videos.\",\"breadcrumb\":{\"@id\":\"https:\/\/www.t4trade-be.com\/vi\/education\/#breadcrumb\"},\"inLanguage\":\"vi\",\"potentialAction\":[{\"@type\":\"ReadAction\",\"target\":[\"https:\/\/www.t4trade-be.com\/vi\/education\/\"]}]},{\"@type\":\"BreadcrumbList\",\"@id\":\"https:\/\/www.t4trade-be.com\/vi\/education\/#breadcrumb\",\"itemListElement\":[{\"@type\":\"ListItem\",\"position\":1,\"name\":\"Home\",\"item\":\"https:\/\/www.t4trade-be.com\/vi\/\"},{\"@type\":\"ListItem\",\"position\":2,\"name\":\"Education\"}]},{\"@type\":\"WebSite\",\"@id\":\"https:\/\/www.t4trade-be.com\/vi\/#website\",\"url\":\"https:\/\/www.t4trade-be.com\/vi\/\",\"name\":\"T4Trade\",\"description\":\"\",\"publisher\":{\"@id\":\"https:\/\/www.t4trade-be.com\/vi\/#organization\"},\"potentialAction\":[{\"@type\":\"SearchAction\",\"target\":{\"@type\":\"EntryPoint\",\"urlTemplate\":\"https:\/\/www.t4trade-be.com\/vi\/?s={search_term_string}\"},\"query-input\":{\"@type\":\"PropertyValueSpecification\",\"valueRequired\":true,\"valueName\":\"search_term_string\"}}],\"inLanguage\":\"vi\"},{\"@type\":\"Organization\",\"@id\":\"https:\/\/www.t4trade-be.com\/vi\/#organization\",\"name\":\"T4Trade\",\"url\":\"https:\/\/www.t4trade-be.com\/vi\/\",\"logo\":{\"@type\":\"ImageObject\",\"inLanguage\":\"vi\",\"@id\":\"https:\/\/www.t4trade-be.com\/vi\/#\/schema\/logo\/image\/\",\"url\":\"\/wp-content\/uploads\/2021\/10\/Group.svg\",\"contentUrl\":\"\/wp-content\/uploads\/2021\/10\/Group.svg\",\"width\":145,\"height\":33,\"caption\":\"T4Trade\"},\"image\":{\"@id\":\"https:\/\/www.t4trade-be.com\/vi\/#\/schema\/logo\/image\/\"}}]}<\/script>\n<!-- \/ Yoast SEO Premium plugin. -->","yoast_head_json":{"title":"\u0110\u00e0o T\u1ea1o Giao D\u1ecbch: Webinar, Podcast, Video Theo Y\u00eau C\u1ea7u","description":"C\u1ea3i thi\u1ec7n k\u1ef9 n\u0103ng giao d\u1ecbch c\u1ee7a b\u1ea1n v\u1edbi nh\u1eefng t\u00e0i li\u1ec7u \u0111\u00e0o t\u1ea1o \u0111\u1ed9c \u0111\u00e1o t\u1eeb m\u1ee5c \u0110\u00e0o t\u1ea1o giao d\u1ecbch c\u1ee7a ch\u00fang t\u00f4i, bao g\u1ed3m h\u1ed9i th\u1ea3o tr\u1ef1c tuy\u1ebfn, podcast v\u00e0 video.","robots":{"index":"index","follow":"follow","max-snippet":"max-snippet:-1","max-image-preview":"max-image-preview:large","max-video-preview":"max-video-preview:-1"},"canonical":"https:\/\/www.t4trade.com\/vi\/education\/","og_locale":"vi_VN","og_type":"article","og_title":"Education","og_description":"Improve your trading skills with unique educational resources from our Trading Education, including webinars, podcasts and videos.","og_url":"https:\/\/www.t4trade-be.com\/vi\/education\/","og_site_name":"T4Trade","article_modified_time":"2025-05-09T11:40:51+00:00","twitter_card":"summary_large_image","twitter_misc":{"\u01af\u1edbc t\u00ednh th\u1eddi gian \u0111\u1ecdc":"2 ph\u00fat"},"schema":{"@context":"https:\/\/schema.org","@graph":[{"@type":"WebPage","@id":"https:\/\/www.t4trade-be.com\/vi\/education\/","url":"https:\/\/www.t4trade-be.com\/vi\/education\/","name":"\u0110\u00e0o T\u1ea1o Giao D\u1ecbch: Webinar, Podcast, Video Theo Y\u00eau C\u1ea7u","isPartOf":{"@id":"https:\/\/www.t4trade-be.com\/vi\/#website"},"datePublished":"2024-03-19T14:06:26+00:00","dateModified":"2025-05-09T11:40:51+00:00","description":"C\u1ea3i thi\u1ec7n k\u1ef9 n\u0103ng giao d\u1ecbch c\u1ee7a b\u1ea1n v\u1edbi nh\u1eefng t\u00e0i li\u1ec7u \u0111\u00e0o t\u1ea1o \u0111\u1ed9c \u0111\u00e1o t\u1eeb m\u1ee5c \u0110\u00e0o t\u1ea1o giao d\u1ecbch c\u1ee7a ch\u00fang t\u00f4i, bao g\u1ed3m h\u1ed9i th\u1ea3o tr\u1ef1c tuy\u1ebfn, podcast v\u00e0 video.","breadcrumb":{"@id":"https:\/\/www.t4trade-be.com\/vi\/education\/#breadcrumb"},"inLanguage":"vi","potentialAction":[{"@type":"ReadAction","target":["https:\/\/www.t4trade-be.com\/vi\/education\/"]}]},{"@type":"BreadcrumbList","@id":"https:\/\/www.t4trade-be.com\/vi\/education\/#breadcrumb","itemListElement":[{"@type":"ListItem","position":1,"name":"Home","item":"https:\/\/www.t4trade-be.com\/vi\/"},{"@type":"ListItem","position":2,"name":"Education"}]},{"@type":"WebSite","@id":"https:\/\/www.t4trade-be.com\/vi\/#website","url":"https:\/\/www.t4trade-be.com\/vi\/","name":"T4Trade","description":"","publisher":{"@id":"https:\/\/www.t4trade-be.com\/vi\/#organization"},"potentialAction":[{"@type":"SearchAction","target":{"@type":"EntryPoint","urlTemplate":"https:\/\/www.t4trade-be.com\/vi\/?s={search_term_string}"},"query-input":{"@type":"PropertyValueSpecification","valueRequired":true,"valueName":"search_term_string"}}],"inLanguage":"vi"},{"@type":"Organization","@id":"https:\/\/www.t4trade-be.com\/vi\/#organization","name":"T4Trade","url":"https:\/\/www.t4trade-be.com\/vi\/","logo":{"@type":"ImageObject","inLanguage":"vi","@id":"https:\/\/www.t4trade-be.com\/vi\/#\/schema\/logo\/image\/","url":"\/wp-content\/uploads\/2021\/10\/Group.svg","contentUrl":"\/wp-content\/uploads\/2021\/10\/Group.svg","width":145,"height":33,"caption":"T4Trade"},"image":{"@id":"https:\/\/www.t4trade-be.com\/vi\/#\/schema\/logo\/image\/"}}]}},"_links":{"self":[{"href":"https:\/\/www.t4trade-be.com\/vi\/wp-json\/wp\/v2\/pages\/25678","targetHints":{"allow":["GET"]}}],"collection":[{"href":"https:\/\/www.t4trade-be.com\/vi\/wp-json\/wp\/v2\/pages"}],"about":[{"href":"https:\/\/www.t4trade-be.com\/vi\/wp-json\/wp\/v2\/types\/page"}],"author":[{"embeddable":true,"href":"https:\/\/www.t4trade-be.com\/vi\/wp-json\/wp\/v2\/users\/1"}],"replies":[{"embeddable":true,"href":"https:\/\/www.t4trade-be.com\/vi\/wp-json\/wp\/v2\/comments?post=25678"}],"version-history":[{"count":10,"href":"https:\/\/www.t4trade-be.com\/vi\/wp-json\/wp\/v2\/pages\/25678\/revisions"}],"predecessor-version":[{"id":34125,"href":"https:\/\/www.t4trade-be.com\/vi\/wp-json\/wp\/v2\/pages\/25678\/revisions\/34125"}],"wp:attachment":[{"href":"https:\/\/www.t4trade-be.com\/vi\/wp-json\/wp\/v2\/media?parent=25678"}],"curies":[{"name":"wp","href":"https:\/\/api.w.org\/{rel}","templated":true}]}}