{"id":15946,"date":"2023-01-17T16:53:12","date_gmt":"2023-01-17T16:53:12","guid":{"rendered":"https:\/\/t4t-com-php8.wp-dev.int.theitops.net\/?page_id=15946"},"modified":"2024-03-04T10:18:32","modified_gmt":"2024-03-04T08:18:32","slug":"t4trade-reviews","status":"publish","type":"page","link":"https:\/\/www.t4trade-be.com\/vi\/t4trade-reviews\/","title":{"rendered":"T4Trade Reviews"},"content":{"rendered":"<div data-elementor-type=\"wp-page\" data-elementor-id=\"15946\" class=\"elementor elementor-15946\" data-elementor-post-type=\"page\">\n\t\t\t\t\t\t<section class=\"elementor-section elementor-top-section elementor-element elementor-element-e586395 elementor-section-full_width elementor-section-height-default elementor-section-height-default wpr-particle-no wpr-jarallax-no wpr-parallax-no wpr-sticky-section-no\" data-id=\"e586395\" data-element_type=\"section\">\n\t\t\t\t\t\t<div class=\"elementor-container elementor-column-gap-no\">\n\t\t\t\t\t<div class=\"elementor-column elementor-col-100 elementor-top-column elementor-element elementor-element-619b1dd\" data-id=\"619b1dd\" data-element_type=\"column\">\n\t\t\t<div class=\"elementor-widget-wrap elementor-element-populated\">\n\t\t\t\t\t\t<div class=\"elementor-element elementor-element-b5b2925 elementor-widget elementor-widget-t4trade-reviews-page\" data-id=\"b5b2925\" data-element_type=\"widget\" data-widget_type=\"t4trade-reviews-page.default\">\n\t\t\t\t<div class=\"elementor-widget-container\">\n\t\t\t\t\t<link rel=\"stylesheet\" href=\"\/wp-content\/plugins\/cool-widgets\/assets\/assets\/entry-d3cfda45.css\"><script type=\"module\" crossorigin=\"anonymous\" src=\"\/wp-content\/plugins\/cool-widgets\/assets\/assets\/reviews-d58d0ffb.js\"><\/script><h1 class=\"title\">T4Trade <br class=\"title--desktop-only\"> Real User Reviews<\/h1>\n<p class=\"paragraph\">T4Trade is a global leader in online trading, providing both beginner and professional traders with access to various trading instruments across global financial markets.<\/p>\n<p class=\"paragraph paragraph--last\">Thanks to our superb trading conditions, our clients are happy to give great reviews about us and recommend us to other traders<\/p>\n<div class=\"review__widgets\">\n  <div class=\"testimonials\">\n      <div\n      id=\"trustbox\"\n      class=\"trustpilot-widget\"\n      data-locale=\"en-US\"\n      data-template-id=\"53aa8807dec7e10d38f59f32\"\n      data-businessunit-id=\"61a533387f15887ca7dbff6f\"\n    >\n      <a \n        href=\"https:\/\/www.trustpilot.com\/review\/t4trade.com\" \n        target=\"_blank\" \n        rel=\"noopener\">\n        Trustpilot\n      <\/a>\n    <\/div>\n    <div class=\"stjr-review-showcase\"><\/div>\n    <div id=\"badge-ribbon\"><\/div>\n  <\/div>\n<\/div>\n<div class=\"alpha\">\n  <div class=\"alpha-part1\">\n    <p class=\"alpha__header\">Maintaining <br class=\"alpha__header--mobile-only\"> our <br class=\"alpha__header--desktop-only\"> reputation<\/p>\n    <p class=\"alpha__description translation-block\">We maintain our reputation as a reliable and trusted broker by creating a customer-first culture and placing emphasis on transparency, <b>security, and regulation<\/b>.<br>\r\nYou can learn more about the reasons to trade with T4Trade on the <a class=\"alpha__description--link\" href=\"\/vi\/t4trade\/why-us\/\" target=\"_self\">Why us<\/a> page and all about the company on the <a class=\"alpha__description--link\" href=\"\/vi\/t4trade\/about-us\/\" target=\"_self\">About Us<\/a> page.<\/p>\n    <p class=\"alpha__description alpha__description--last\"><\/p>\n    <a class=\"alpha__button\" href=\"\/vi\/register\/\">Giao d\u1ecbch ngay<\/a>\n    <p class=\"alpha__risk-warning\">M\u1ecdi giao d\u1ecbch \u0111\u1ec1u ti\u1ec1m \u1ea9n r\u1ee7i ro. B\u1ea1n c\u00f3 th\u1ec3 m\u1ea5t to\u00e0n b\u1ed9 v\u1ed1n \u0111\u1ea7u t\u01b0 c\u1ee7a m\u00ecnh.<\/p>\n  <\/div>\n  <div class=\"alpha-part2\">\n    <div class=\"alpha-reviews\">\n      <div class=\"alpha-reviews__container\">\n        <div class=\"review-a\">\n          <img class=\"review-a__image\">\n          <div class=\"review-a__inner-container\">\n            <div class=\"review-a__stars-container\">\n              <img class=\"review-a__star\">\n              <img class=\"review-a__star\">\n              <img class=\"review-a__star\">\n              <img class=\"review-a__star\">\n              <img class=\"review-a__star\">\n            <\/div>\n            <p class=\"review-a__text\">\n              Rated 5\/5 by users\n            <\/p>\n          <\/div>\n        <\/div>\n        <div class=\"review-b\">\n          <img class=\"review-b__image\">\n          <div class=\"review-b__inner-container\">\n            <p class=\"review-b__title\">\n              One of the best...\n            <\/p>\n            <p class=\"review-b__description\">\n              T4 Trade seems to be one of the best brokers I\u2019ve used so far, been using them for 3 months now...\n            <\/p>\n            <p class=\"review-b__name\">\n              Chelsey\n            <\/p>\n          <\/div>\n        <\/div>\n      <\/div>\n    <\/div>\n  <\/div>\n<\/div>\n<div class=\"beta\">\n  <h2 class=\"beta__header\">Trusted by<\/h2>\n  <div class=\"beta__companies\">\n    <a target=\"_blank\" href=\"https:\/\/www.forexnewsnow.com\/reviews\/t4trade\/\">\n      <div class=\"beta__company beta__company--glowing\">\n        <img alt=\"forexnewsnow-logo\" class=\"beta__company-logo beta__company-logo--forexnewsnow\">\n      <\/div>\n    <\/a>\n    <a target=\"_blank\" href=\"https:\/\/www.wikifx.com\/en\/dealer\/8642670642.html\">\n      <div class=\"beta__company\">\n        <img alt=\"wikifx-logo\" class=\"beta__company-log beta__company-logo--wikifx\">\n      <\/div>\n    <\/a>\n    <a target=\"_blank\" href=\"https:\/\/www.trustpilot.com\/review\/t4trade.com\">\n      <div class=\"beta__company\">\n        <img alt=\"trustpilot-logo\" class=\"beta__company-log beta__company-logo--trustpilot\">\n      <\/div>\n    <\/a>\n    <a class=\"_blank\" href=\"https:\/\/www.myfxbook.com\/reviews\/brokers\/t4trade\/2885514,1\">\n      <div class=\"beta__company\">\n        <img alt=\"myfxbook-logo\" class=\"beta__company-log beta__company-logo--myfxbook\">\n      <\/div>\n    <\/a>\n  <\/div>\n  <div class=\"beta__header\">\n    <h2 class=\"beta__header-content\">Rated by<\/h2>\n  <\/div>\n    <div class=\"beta__slider\">\n    <section class=\"splide\">\n      <div class=\"splide__track\">\n        <ul class=\"splide__list\">\n          <li class=\"splide__slide\">\n            <div class=\"splide__slide__container beta__slide\">\n              <div class=\"beta__slide-wrapper\">\n                <img alt=\"finance-magnates-logo\" class=\"beta__slide-logo beta__slide-logo--finance-magnates\">\n                <a class=\"beta__link\" target=\"_blank\" href=\"https:\/\/directory.financemagnates.com\/forex-brokers\/t4trade\/\">Read Review<\/a>\n              <\/div>\n            <\/div>\n          <\/li>\n          <li class=\"splide__slide\">\n            <div class=\"splide__slide__container beta__slide\">\n              <div class=\"beta__slide-wrapper\">\n                <img alt=\"forexlive-logo\" class=\"beta__slide-logo beta__slide-logo--forexlive\">\n                <a class=\"beta__link\" target=\"_blank\" href=\"https:\/\/www.forexlive.com\/Brokers\/t4trade\">Read Review<\/a>\n              <\/div>\n            <\/div>\n          <\/li>\n          <li class=\"splide__slide\">\n            <div class=\"splide__slide__container beta__slide\">\n              <div class=\"beta__slide-wrapper\">\n                <img alt=\"cryptonewsz-logo\" class=\"beta__slide-logo beta__slide-logo--cryptonewsz\">\n                <a class=\"beta__link\" target=\"_blank\" href=\"https:\/\/www.cryptonewsz.com\/forex-brokers\/t4trade-review\/\">Read Review<\/a>\n              <\/div>\n            <\/div>\n          <\/li>\n          <li class=\"splide__slide\">\n            <div class=\"splide__slide__container beta__slide\">\n              <div class=\"beta__slide-wrapper\">\n                <img alt=\"mint-logo\" class=\"beta__slide-logo beta__slide-logo--mint\">\n                <a class=\"beta__link\" target=\"_blank\" href=\"https:\/\/www.livemint.com\/brand-stories\/t4trade-introduces-powerful-services-that-help-traders-get-optimal-returns-11656513446141.html\">Read Review<\/a>\n              <\/div>\n            <\/div>\n          <\/li>\n          <li class=\"splide__slide\">\n            <div class=\"splide__slide__container beta__slide\">\n              <div class=\"beta__slide-wrapper\">\n                <img alt=\"trading-brokers-logo\" class=\"beta__slide-logo beta__slide-logo--trading-brokers\">\n                <a class=\"beta__link\" target=\"_blank\" href=\"https:\/\/tradingbrokers.com\/reviews\/t4trade-review\/\">Read Review<\/a>\n              <\/div>\n            <\/div>\n          <\/li>\n          <li class=\"splide__slide\">\n            <div class=\"splide__slide__container beta__slide\">\n              <div class=\"beta__slide-wrapper\">\n                <img alt=\"atoz-markets-logo\" class=\"beta__slide-logo beta__slide-logo--atoz-markets\">\n                <a class=\"beta__link\" target=\"_blank\" href=\"https:\/\/atozmarkets.com\/reviews\/t4trade\/\">Read Review<\/a>\n              <\/div>\n            <\/div>\n          <\/li>\n          <li class=\"splide__slide\">\n            <div class=\"splide__slide__container beta__slide\">\n              <div class=\"beta__slide-wrapper\">\n                <img alt=\"forex-ratings-com-logo\" class=\"beta__slide-logo beta__slide-logo--forex-ratings-com\">\n                <a class=\"beta__link\" target=\"_blank\" href=\"https:\/\/www.forex-ratings.com\/forex-brokers\/t4trade\/\">Read Review<\/a>\n              <\/div>\n            <\/div>\n          <\/li>\n          <li class=\"splide__slide\">\n            <div class=\"splide__slide__container beta__slide\">\n              <div class=\"beta__slide-wrapper\">\n                <img alt=\"daily-forex-logo\" class=\"beta__slide-logo beta__slide-logo--daily-forex\">\n                <a class=\"beta__link\" target=\"_blank\" href=\"https:\/\/www.dailyforex.com\/forex-brokers\/t4trade-review\">Read Review<\/a>\n              <\/div>\n            <\/div>\n          <\/li>\n        <\/ul>\n      <\/div>\n      <div class=\"splide__arrows\">\n        <button class=\"splide__arrow splide__arrow--prev\">\n          <img>\n        <\/button>\n        <button class=\"splide__arrow splide__arrow--next\">\n          <img>\n        <\/button>\n      <\/div>\n    <\/section>\n  <\/div>\n  <p class=\"beta__risk-warning\">The above articles are prepared by third parties and not T4Trade. By clicking on these links you will be leaving <a class=\"beta__risk-warning--link\" href=\"https:\/\/www.t4trade.com\/\">T4trade.com<\/a>. Any information on these websites is not considered investment advice or an investment recommendation, but instead a marketing communication. <a class=\"beta__risk-warning--link\" href=\"https:\/\/www.t4trade.com\/\">T4Trade<\/a> is not responsible for any data or information provided by third parties referenced or hyperlinked in the above communication.<\/p>\n<\/div>\n<div class=\"gamma\">\n  <h2 class=\"gamma__header\">T4Trade user reviews<\/h2>\n  <p class=\"gamma__text\">Rated 3.9 based on 155 reviews on Trustpilot<\/p>\n  <div class=\"gamma__reviews\">\n    <section class=\"splide\">\n      <div class=\"splide__track\">\n\t\t    <ul class=\"splide__list\">\n          <li class=\"splide__slide\">\n            <div class=\"splide__slide__container\">\n              <div class=\"review\">\n                <p class=\"review__name\">\n                  Chelsey Durman\n                <\/p>\n                <a class=\"gamma__trustpilot\" href=\"https:\/\/www.trustpilot.com\/review\/t4trade.com?stars=5\">\n                  <div class=\"review__stars-container\">\n                    <img alt=\"star\" class=\"review__star\">\n                    <img alt=\"star\" class=\"review__star\">\n                    <img alt=\"star\" class=\"review__star\">\n                    <img alt=\"star\" class=\"review__star\">\n                    <img alt=\"star\" class=\"review__star\">\n                  <\/div>\n                <\/a>\n                <p class=\"review__excerpt\">\n                  T4 Trade seems to be one of the best...\n                <\/p>\n                <p class=\"review__text\">\n                  T4 Trade seems to be one of the best brokers I\u2019ve used so far, been using them for 3 months now and deposit and withdrawal seems pretty quick, trading platform is neat too!\n                <\/p>\n                <p class=\"review__text\">\n                  Support is fairly good too, usually takes 6\/7 hours for a reply but have used brokers who don\u2019t reply for days so can\u2019t complain with 6 hours!\n                <\/p>\n              <\/div>\n            <\/div>\n          <\/li>\n          <li class=\"splide__slide\">\n            <div class=\"splide__slide__container\">\n              <div class=\"review\">\n                <p class=\"review__name\">\n                  James\n                <\/p>\n                <a class=\"gamma__trustpilot\" href=\"https:\/\/www.trustpilot.com\/review\/t4trade.com?stars=5\">\n                  <div class=\"review__stars-container\">\n                    <img alt=\"star\" class=\"review__star\">\n                    <img alt=\"star\" class=\"review__star\">\n                    <img alt=\"star\" class=\"review__star\">\n                    <img alt=\"star\" class=\"review__star\">\n                    <img alt=\"star\" class=\"review__star\">\n                  <\/div>\n                <\/a>\n                <p class=\"review__excerpt\">\n                  T4Trade has been great with me\n                <\/p>\n                <p class=\"review__text\">\n                  Been using t4trade for about 6 months now, and customer service is great, been pretty smooth ...\n                <\/p>\n              <\/div>\n            <\/div>\n          <\/li>\n          <li class=\"splide__slide\">\n            <div class=\"splide__slide__container\">\n              <div class=\"review\">\n                <p class=\"review__name\">\n                  Jette Hoejlund\n                <\/p>\n                <a class=\"gamma__trustpilot\" href=\"https:\/\/www.trustpilot.com\/reviews\/63518441276a7fd30bd5e8bd\">\n                  <div class=\"review__stars-container\">\n                    <img alt=\"star\" class=\"review__star\">\n                    <img alt=\"star\" class=\"review__star\">\n                    <img alt=\"star\" class=\"review__star\">\n                    <img alt=\"star\" class=\"review__star\">\n                    <img alt=\"star\" class=\"review__star\">\n                  <\/div>\n                <\/a>\n                <p class=\"review__excerpt\">\n                  Nice and easy to withdraw my money to...\n                <\/p>\n                <p class=\"review__text\">\n                  Nice and easy to withdraw my money to my bank account. My request was approved the day after, and 2 days after, my money was in my bank account.\n                <\/p>\n              <\/div>\n            <\/div>\n          <\/li>\n          <li class=\"splide__slide\">\n            <div class=\"splide__slide__container\">\n              <div class=\"review\">\n                <p class=\"review__name\">\n                  Yeezy man\n                <\/p>\n                <a class=\"gamma__trustpilot\" href=\"https:\/\/www.trustpilot.com\/review\/t4trade.com?stars=5\">\n                  <div class=\"review__stars-container\">\n                    <img alt=\"star\" class=\"review__star\">\n                    <img alt=\"star\" class=\"review__star\">\n                    <img alt=\"star\" class=\"review__star\">\n                    <img alt=\"star\" class=\"review__star\">\n                    <img alt=\"star\" class=\"review__star\">\n                  <\/div>\n                <\/a>\n                <p class=\"review__excerpt\">\n                  Top notch!\n                <\/p>\n                <p class=\"review__text\">\n                  Top notch! Customer service is always beyond great, fast withdrawals and easy to use platform.\n                <\/p>\n                <p class=\"review__text\">\n                  I am not tech savvy at all yet this platform is super user friendly and their support options are super helpful when I get stuck.\n                <\/p>\n                <p class=\"review__text\">\n                  Thank you T4Trade!\n                <\/p>\n              <\/div>\n            <\/div>\n          <\/li>\n        <\/ul>\n      <\/div>\n      <div class=\"splide__arrows\">\n        <button class=\"splide__arrow splide__arrow--prev\">\n          <img>\n        <\/button>\n        <button class=\"splide__arrow splide__arrow--next\">\n          <img>\n        <\/button>\n      <\/div>\n    <\/section>\n  <\/div>\n<\/div>\n<div class=\"epsilon\">\n  <h3 class=\"epsilon__header\">T\u1ea1i sao ch\u1ecdn T4Trade?<\/h3>\n  <div class=\"epsilon__container\">\n    <div class=\"epsilon__inner-container\">\n      <img class=\"epsilon__image epsilon__image--safe\">\n      <h4 class=\"epsilon__text\">300+ <br> trading instruments<\/h4>\n    <\/div>\n    <div class=\"epsilon__inner-container\">\n      <img class=\"epsilon__image epsilon__image--phone\">\n      <h4 class=\"epsilon__text\">24\/5 <br> D\u1ecbch v\u1ee5 h\u1ed7 tr\u1ee3 t\u00e2m huy\u1ebft<\/h4>\n    <\/div>\n    <div class=\"epsilon__inner-container\">\n      <img class=\"epsilon__image epsilon__image--tick\">\n      <h4 class=\"epsilon__text\">Competitive <br> and reliable pricing<\/h4>\n    <\/div>\n    <div class=\"epsilon__inner-container\">\n      <img class=\"epsilon__image epsilon__image--lock\">\n      <h4 class=\"epsilon__text\">B\u1ea3o m\u1eadt ti\u1ec1n<\/h4>\n    <\/div>\n    <div class=\"epsilon__inner-container\">\n      <img class=\"epsilon__image epsilon__image--lightning\">\n      <h4 class=\"epsilon__text\">Fast <br> execution of trades<\/h4>\n    <\/div>\n  <\/div>\n<\/div>\n\t\t\t\t<\/div>\n\t\t\t\t<\/div>\n\t\t\t\t\t<\/div>\n\t\t<\/div>\n\t\t\t\t\t<\/div>\n\t\t<\/section>\n\t\t<div class=\"elementor-element elementor-element-637956c e-flex e-con-boxed wpr-particle-no wpr-jarallax-no wpr-parallax-no wpr-sticky-section-no e-con e-parent\" data-id=\"637956c\" data-element_type=\"container\">\n\t\t\t\t\t<div class=\"e-con-inner\">\n\t\t\t\t<div class=\"elementor-element elementor-element-95823f1 elementor-widget elementor-widget-html\" data-id=\"95823f1\" data-element_type=\"widget\" data-widget_type=\"html.default\">\n\t\t\t\t<div class=\"elementor-widget-container\">\n\t\t\t\t\t<script src=\"https:\/\/widget.reviews.io\/badge-ribbon\/dist.js\"><\/script>\r\n<script>\r\n reviewsBadgeRibbon(\"badge-ribbon\", {\r\n store: \"t4trade-com\",\r\n size: \"medium\",\r\n\r\n});\r\n<\/script>\t\t\t\t<\/div>\n\t\t\t\t<\/div>\n\t\t\t\t\t<\/div>\n\t\t\t\t<\/div>\n\t\t\t\t<\/div>","protected":false},"excerpt":{"rendered":"<p>T4Trade Real User Reviews T4Trade is a global leader in online trading, providing both beginner and professional traders&#8230;<\/p>","protected":false},"author":1,"featured_media":0,"parent":0,"menu_order":0,"comment_status":"closed","ping_status":"closed","template":"elementor_header_footer","meta":{"_acf_changed":false,"inline_featured_image":false,"footnotes":""},"class_list":["post-15946","page","type-page","status-publish","hentry","entry"],"acf":[],"yoast_head":"<!-- This site is optimized with the Yoast SEO Premium plugin v26.2 (Yoast SEO v26.5) - https:\/\/yoast.com\/wordpress\/plugins\/seo\/ -->\n<title>T4Trade through authentic user reviews for valuable insights.<\/title>\n<meta name=\"description\" content=\"Explore the world of online trading with T4Trade. Achieve your financial goals through our intuitive platform and expert support.\" \/>\n<meta name=\"robots\" content=\"index, follow, max-snippet:-1, max-image-preview:large, max-video-preview:-1\" \/>\n<link rel=\"canonical\" href=\"https:\/\/www.t4trade.com\/en\/t4trade-reviews\/\" \/>\n<meta property=\"og:locale\" content=\"vi_VN\" \/>\n<meta property=\"og:type\" content=\"article\" \/>\n<meta property=\"og:title\" content=\"T4Trade Reviews\" \/>\n<meta property=\"og:description\" content=\"Explore the world of online trading with T4Trade. Achieve your financial goals through our intuitive platform and expert support.\" \/>\n<meta property=\"og:url\" content=\"https:\/\/www.t4trade-be.com\/vi\/t4trade-reviews\/\" \/>\n<meta property=\"og:site_name\" content=\"T4Trade\" \/>\n<meta property=\"article:modified_time\" content=\"2024-03-04T08:18:32+00:00\" \/>\n<meta name=\"twitter:card\" content=\"summary_large_image\" \/>\n<meta name=\"twitter:label1\" content=\"\u01af\u1edbc t\u00ednh th\u1eddi gian \u0111\u1ecdc\" \/>\n\t<meta name=\"twitter:data1\" content=\"12 ph\u00fat\" \/>\n<script type=\"application\/ld+json\" class=\"yoast-schema-graph\">{\"@context\":\"https:\/\/schema.org\",\"@graph\":[{\"@type\":\"WebPage\",\"@id\":\"https:\/\/www.t4trade-be.com\/vi\/t4trade-reviews\/\",\"url\":\"https:\/\/www.t4trade-be.com\/vi\/t4trade-reviews\/\",\"name\":\"T4Trade through authentic user reviews for valuable insights.\",\"isPartOf\":{\"@id\":\"https:\/\/www.t4trade-be.com\/vi\/#website\"},\"datePublished\":\"2023-01-17T16:53:12+00:00\",\"dateModified\":\"2024-03-04T08:18:32+00:00\",\"description\":\"Explore the world of online trading with T4Trade. Achieve your financial goals through our intuitive platform and expert support.\",\"breadcrumb\":{\"@id\":\"https:\/\/www.t4trade-be.com\/vi\/t4trade-reviews\/#breadcrumb\"},\"inLanguage\":\"vi\",\"potentialAction\":[{\"@type\":\"ReadAction\",\"target\":[\"https:\/\/www.t4trade-be.com\/vi\/t4trade-reviews\/\"]}]},{\"@type\":\"BreadcrumbList\",\"@id\":\"https:\/\/www.t4trade-be.com\/vi\/t4trade-reviews\/#breadcrumb\",\"itemListElement\":[{\"@type\":\"ListItem\",\"position\":1,\"name\":\"Home\",\"item\":\"https:\/\/www.t4trade-be.com\/vi\/\"},{\"@type\":\"ListItem\",\"position\":2,\"name\":\"T4Trade Reviews\"}]},{\"@type\":\"WebSite\",\"@id\":\"https:\/\/www.t4trade-be.com\/vi\/#website\",\"url\":\"https:\/\/www.t4trade-be.com\/vi\/\",\"name\":\"T4Trade\",\"description\":\"\",\"publisher\":{\"@id\":\"https:\/\/www.t4trade-be.com\/vi\/#organization\"},\"potentialAction\":[{\"@type\":\"SearchAction\",\"target\":{\"@type\":\"EntryPoint\",\"urlTemplate\":\"https:\/\/www.t4trade-be.com\/vi\/?s={search_term_string}\"},\"query-input\":{\"@type\":\"PropertyValueSpecification\",\"valueRequired\":true,\"valueName\":\"search_term_string\"}}],\"inLanguage\":\"vi\"},{\"@type\":\"Organization\",\"@id\":\"https:\/\/www.t4trade-be.com\/vi\/#organization\",\"name\":\"T4Trade\",\"url\":\"https:\/\/www.t4trade-be.com\/vi\/\",\"logo\":{\"@type\":\"ImageObject\",\"inLanguage\":\"vi\",\"@id\":\"https:\/\/www.t4trade-be.com\/vi\/#\/schema\/logo\/image\/\",\"url\":\"\/wp-content\/uploads\/2021\/10\/Group.svg\",\"contentUrl\":\"\/wp-content\/uploads\/2021\/10\/Group.svg\",\"width\":145,\"height\":33,\"caption\":\"T4Trade\"},\"image\":{\"@id\":\"https:\/\/www.t4trade-be.com\/vi\/#\/schema\/logo\/image\/\"}}]}<\/script>\n<!-- \/ Yoast SEO Premium plugin. -->","yoast_head_json":{"title":"T\u00ecm Hi\u1ec3u T4Trade Qua \u0110\u00e1nh Gi\u00e1 Ch\u00e2n Th\u1ef1c","description":"Kh\u00e1m ph\u00e1 th\u1ebf gi\u1edbi giao d\u1ecbch tr\u1ef1c tuy\u1ebfn v\u1edbi T4Trade. \u0110\u1ea1t \u0111\u01b0\u1ee3c m\u1ee5c ti\u00eau t\u00e0i ch\u00ednh c\u1ee7a b\u1ea1n th\u00f4ng qua n\u1ec1n t\u1ea3ng linh ho\u1ea1t v\u00e0 s\u1ef1 h\u1ed7 tr\u1ee3 chuy\u00ean nghi\u1ec7p.","robots":{"index":"index","follow":"follow","max-snippet":"max-snippet:-1","max-image-preview":"max-image-preview:large","max-video-preview":"max-video-preview:-1"},"canonical":"https:\/\/www.t4trade.com\/en\/t4trade-reviews\/","og_locale":"vi_VN","og_type":"article","og_title":"T4Trade Reviews","og_description":"Explore the world of online trading with T4Trade. Achieve your financial goals through our intuitive platform and expert support.","og_url":"https:\/\/www.t4trade-be.com\/vi\/t4trade-reviews\/","og_site_name":"T4Trade","article_modified_time":"2024-03-04T08:18:32+00:00","twitter_card":"summary_large_image","twitter_misc":{"\u01af\u1edbc t\u00ednh th\u1eddi gian \u0111\u1ecdc":"12 ph\u00fat"},"schema":{"@context":"https:\/\/schema.org","@graph":[{"@type":"WebPage","@id":"https:\/\/www.t4trade-be.com\/vi\/t4trade-reviews\/","url":"https:\/\/www.t4trade-be.com\/vi\/t4trade-reviews\/","name":"T\u00ecm Hi\u1ec3u T4Trade Qua \u0110\u00e1nh Gi\u00e1 Ch\u00e2n Th\u1ef1c","isPartOf":{"@id":"https:\/\/www.t4trade-be.com\/vi\/#website"},"datePublished":"2023-01-17T16:53:12+00:00","dateModified":"2024-03-04T08:18:32+00:00","description":"Kh\u00e1m ph\u00e1 th\u1ebf gi\u1edbi giao d\u1ecbch tr\u1ef1c tuy\u1ebfn v\u1edbi T4Trade. \u0110\u1ea1t \u0111\u01b0\u1ee3c m\u1ee5c ti\u00eau t\u00e0i ch\u00ednh c\u1ee7a b\u1ea1n th\u00f4ng qua n\u1ec1n t\u1ea3ng linh ho\u1ea1t v\u00e0 s\u1ef1 h\u1ed7 tr\u1ee3 chuy\u00ean nghi\u1ec7p.","breadcrumb":{"@id":"https:\/\/www.t4trade-be.com\/vi\/t4trade-reviews\/#breadcrumb"},"inLanguage":"vi","potentialAction":[{"@type":"ReadAction","target":["https:\/\/www.t4trade-be.com\/vi\/t4trade-reviews\/"]}]},{"@type":"BreadcrumbList","@id":"https:\/\/www.t4trade-be.com\/vi\/t4trade-reviews\/#breadcrumb","itemListElement":[{"@type":"ListItem","position":1,"name":"Home","item":"https:\/\/www.t4trade-be.com\/vi\/"},{"@type":"ListItem","position":2,"name":"T4Trade Reviews"}]},{"@type":"WebSite","@id":"https:\/\/www.t4trade-be.com\/vi\/#website","url":"https:\/\/www.t4trade-be.com\/vi\/","name":"T4Trade","description":"","publisher":{"@id":"https:\/\/www.t4trade-be.com\/vi\/#organization"},"potentialAction":[{"@type":"SearchAction","target":{"@type":"EntryPoint","urlTemplate":"https:\/\/www.t4trade-be.com\/vi\/?s={search_term_string}"},"query-input":{"@type":"PropertyValueSpecification","valueRequired":true,"valueName":"search_term_string"}}],"inLanguage":"vi"},{"@type":"Organization","@id":"https:\/\/www.t4trade-be.com\/vi\/#organization","name":"T4Trade","url":"https:\/\/www.t4trade-be.com\/vi\/","logo":{"@type":"ImageObject","inLanguage":"vi","@id":"https:\/\/www.t4trade-be.com\/vi\/#\/schema\/logo\/image\/","url":"\/wp-content\/uploads\/2021\/10\/Group.svg","contentUrl":"\/wp-content\/uploads\/2021\/10\/Group.svg","width":145,"height":33,"caption":"T4Trade"},"image":{"@id":"https:\/\/www.t4trade-be.com\/vi\/#\/schema\/logo\/image\/"}}]}},"_links":{"self":[{"href":"https:\/\/www.t4trade-be.com\/vi\/wp-json\/wp\/v2\/pages\/15946","targetHints":{"allow":["GET"]}}],"collection":[{"href":"https:\/\/www.t4trade-be.com\/vi\/wp-json\/wp\/v2\/pages"}],"about":[{"href":"https:\/\/www.t4trade-be.com\/vi\/wp-json\/wp\/v2\/types\/page"}],"author":[{"embeddable":true,"href":"https:\/\/www.t4trade-be.com\/vi\/wp-json\/wp\/v2\/users\/1"}],"replies":[{"embeddable":true,"href":"https:\/\/www.t4trade-be.com\/vi\/wp-json\/wp\/v2\/comments?post=15946"}],"version-history":[{"count":10,"href":"https:\/\/www.t4trade-be.com\/vi\/wp-json\/wp\/v2\/pages\/15946\/revisions"}],"predecessor-version":[{"id":25394,"href":"https:\/\/www.t4trade-be.com\/vi\/wp-json\/wp\/v2\/pages\/15946\/revisions\/25394"}],"wp:attachment":[{"href":"https:\/\/www.t4trade-be.com\/vi\/wp-json\/wp\/v2\/media?parent=15946"}],"curies":[{"name":"wp","href":"https:\/\/api.w.org\/{rel}","templated":true}]}}