{"id":11149,"date":"2022-06-01T08:38:03","date_gmt":"2022-06-01T05:38:03","guid":{"rendered":"https:\/\/t4t-com-php8.wp-dev.int.theitops.net\/?page_id=11149"},"modified":"2025-12-18T13:52:06","modified_gmt":"2025-12-18T11:52:06","slug":"video-on-demand","status":"publish","type":"page","link":"https:\/\/www.t4trade-be.com\/vi\/education\/video-on-demand\/","title":{"rendered":"Video theo y\u00eau c\u1ea7u"},"content":{"rendered":"<div data-elementor-type=\"wp-page\" data-elementor-id=\"11149\" class=\"elementor elementor-11149\" data-elementor-post-type=\"page\">\n\t\t\t\t\t\t<section class=\"elementor-section elementor-top-section elementor-element elementor-element-edb4364 elementor-section-content-middle elementor-section-boxed elementor-section-height-default elementor-section-height-default wpr-particle-no wpr-jarallax-no wpr-parallax-no wpr-sticky-section-no\" data-id=\"edb4364\" data-element_type=\"section\" data-settings=\"{&quot;background_background&quot;:&quot;classic&quot;}\">\n\t\t\t\t\t\t<div class=\"elementor-container elementor-column-gap-no\">\n\t\t\t\t\t<div class=\"elementor-column elementor-col-50 elementor-top-column elementor-element elementor-element-bddf66a\" data-id=\"bddf66a\" data-element_type=\"column\">\n\t\t\t<div class=\"elementor-widget-wrap elementor-element-populated\">\n\t\t\t\t\t\t<div class=\"elementor-element elementor-element-c886593 elementor-widget elementor-widget-heading\" data-id=\"c886593\" data-element_type=\"widget\" data-widget_type=\"heading.default\">\n\t\t\t\t<div class=\"elementor-widget-container\">\n\t\t\t\t\t<h1 class=\"elementor-heading-title elementor-size-default\">Video theo y\u00eau c\u1ea7u<\/h1>\t\t\t\t<\/div>\n\t\t\t\t<\/div>\n\t\t\t\t<div class=\"elementor-element elementor-element-b65d768 elementor-widget elementor-widget-heading\" data-id=\"b65d768\" data-element_type=\"widget\" data-no-translation=\"\" data-widget_type=\"heading.default\">\n\t\t\t\t<div class=\"elementor-widget-container\">\n\t\t\t\t\t<style>.elementor-element-b65d768{display:none !important}<\/style>\t\t\t\t<\/div>\n\t\t\t\t<\/div>\n\t\t\t\t<div class=\"elementor-element elementor-element-2b45e3b elementor-widget elementor-widget-text-editor\" data-id=\"2b45e3b\" data-element_type=\"widget\" data-widget_type=\"text-editor.default\">\n\t\t\t\t<div class=\"elementor-widget-container\">\n\t\t\t\t\t\t\t\t\t<p>Xem v\u00e0 h\u1ecdc h\u1ecfi. C\u00e1c m\u1eb9o giao d\u1ecbch v\u00e0 th\u00f4ng tin chuy\u00ean s\u00e2u v\u1ec1 th\u1ecb tr\u01b0\u1eddng \u0111\u01b0\u1ee3c c\u00e1c nh\u00e0 ph\u00e2n t\u00edch h\u00e0ng \u0111\u1ea7u c\u1ee7a ch\u00fang t\u00f4i cung c\u1ea5p h\u00e0ng ng\u00e0y.<\/p>\t\t\t\t\t\t\t\t<\/div>\n\t\t\t\t<\/div>\n\t\t\t\t\t<\/div>\n\t\t<\/div>\n\t\t\t\t<div class=\"elementor-column elementor-col-50 elementor-top-column elementor-element elementor-element-1412254\" data-id=\"1412254\" data-element_type=\"column\">\n\t\t\t<div class=\"elementor-widget-wrap\">\n\t\t\t\t\t\t\t<\/div>\n\t\t<\/div>\n\t\t\t\t\t<\/div>\n\t\t<\/section>\n\t\t\t\t<section class=\"elementor-section elementor-top-section elementor-element elementor-element-e39ff4d elementor-section-boxed elementor-section-height-default elementor-section-height-default wpr-particle-no wpr-jarallax-no wpr-parallax-no wpr-sticky-section-no\" data-id=\"e39ff4d\" data-element_type=\"section\" data-settings=\"{&quot;background_background&quot;:&quot;classic&quot;}\">\n\t\t\t\t\t\t<div class=\"elementor-container elementor-column-gap-no\">\n\t\t\t\t\t<div class=\"elementor-column elementor-col-100 elementor-top-column elementor-element elementor-element-4abec0a\" data-id=\"4abec0a\" data-element_type=\"column\">\n\t\t\t<div class=\"elementor-widget-wrap elementor-element-populated\">\n\t\t\t\t\t\t<div class=\"elementor-element elementor-element-5e132ea elementor-widget elementor-widget-shortcode\" data-id=\"5e132ea\" data-element_type=\"widget\" data-widget_type=\"shortcode.default\">\n\t\t\t\t<div class=\"elementor-widget-container\">\n\t\t\t\t\t\t\t<div class=\"elementor-shortcode\"><div id=\"vod-root\"><\/div><\/div>\n\t\t\t\t\t\t<\/div>\n\t\t\t\t<\/div>\n\t\t\t\t\t<\/div>\n\t\t<\/div>\n\t\t\t\t\t<\/div>\n\t\t<\/section>\n\t\t\t\t<section class=\"elementor-section elementor-top-section elementor-element elementor-element-2f87eef elementor-section-boxed elementor-section-height-default elementor-section-height-default wpr-particle-no wpr-jarallax-no wpr-parallax-no wpr-sticky-section-no\" data-id=\"2f87eef\" data-element_type=\"section\" data-settings=\"{&quot;background_background&quot;:&quot;classic&quot;}\">\n\t\t\t\t\t\t<div class=\"elementor-container elementor-column-gap-no\">\n\t\t\t\t\t<div class=\"elementor-column elementor-col-100 elementor-top-column elementor-element elementor-element-7f7665b\" data-id=\"7f7665b\" data-element_type=\"column\">\n\t\t\t<div class=\"elementor-widget-wrap elementor-element-populated\">\n\t\t\t\t\t\t<div class=\"elementor-element elementor-element-1f44189 elementor-widget elementor-widget-heading\" data-id=\"1f44189\" data-element_type=\"widget\" data-widget_type=\"heading.default\">\n\t\t\t\t<div class=\"elementor-widget-container\">\n\t\t\t\t\t<h2 class=\"elementor-heading-title elementor-size-default translation-block\">B\u1ea1n c\u1ea7n th\u00eam t\u00e0i li\u1ec7u \u0111\u00e0o t\u1ea1o? <span>H\u00e3y kh\u00e1m ph\u00e1 c\u00e1c d\u1ecbch v\u1ee5 \u0111\u00e0o t\u1ea1o kh\u00e1c c\u1ee7a ch\u00fang t\u00f4i:<\/span><\/h2>\t\t\t\t<\/div>\n\t\t\t\t<\/div>\n\t\t\t\t<div class=\"elementor-element elementor-element-05a2ed8 elementor-widget elementor-widget-html\" data-id=\"05a2ed8\" data-element_type=\"widget\" data-widget_type=\"html.default\">\n\t\t\t\t<div class=\"elementor-widget-container\">\n\t\t\t\t\t<div class=\"vod-cta-wrapper\">\n    <a class=\"vod-cta-button\" href=\"\/vi\/academy\/webinars\/\">\n        <img decoding=\"async\" src=\"\/wp-content\/uploads\/2022\/09\/webinars.png\">\n        <h3>H\u1ed9i th\u1ea3o tr\u1ef1c tuy\u1ebfn<\/h3>\n    <\/a>\n    <a class=\"vod-cta-button\" href=\"\/vi\/academy\/podcasts\/\">\n        <img decoding=\"async\" src=\"\/wp-content\/uploads\/2022\/09\/podcasts.png\">\n        <h3>Podcast<\/h3>\n    <\/a>\n<\/div>\n\n<style>\n    .vod-cta-wrapper {\n        display: flex;\n        justify-content: center;\n    }\n    .vod-cta-button {\n        background-color: #f8faf7;\n        padding: 31px 37px;\n        border-radius: 20px;\n        border: 3px solid #dddfe1;\n        display: inline-block;\n        display: flex;\n        flex-direction: column;\n        justify-content: center;\n        align-items: center;\n        text-align: center;\n        margin: 0 108px;\n        transition: transform 200ms ease-out;\n        width: 171px;\n        height: 161px;\n    }\n    .vod-cta-button:hover {\n        transform: scale(1.05);\n    }\n    .vod-cta-button img {\n        height: 55px;\n    }\n    .vod-cta-button h3 {\n        color: #111827;\n        font-family: 'Poppins', sans-serif;\n        font-size: 20px;\n        letter-spacing: -0.33px;\n        margin-top: 10px;\n    }\n    @media(max-width:767px) {\n        .vod-cta-wrapper {\n            flex-direction: column;\n        }\n        .vod-cta-wrapper .vod-cta-button:first-child {\n            margin-bottom: 43px;\n        }\n        .vod-cta-button {\n            margin: 0 auto;\n        }\n    }\n<\/style>\t\t\t\t<\/div>\n\t\t\t\t<\/div>\n\t\t\t\t\t<\/div>\n\t\t<\/div>\n\t\t\t\t\t<\/div>\n\t\t<\/section>\n\t\t\t\t<\/div>","protected":false},"excerpt":{"rendered":"<p>Video on Demand Watch and learn. Trading tips and market insights delivered daily from our top analysts. Need&#8230;<\/p>","protected":false},"author":1,"featured_media":0,"parent":25678,"menu_order":0,"comment_status":"closed","ping_status":"closed","template":"elementor_header_footer","meta":{"_acf_changed":false,"inline_featured_image":false,"footnotes":""},"class_list":["post-11149","page","type-page","status-publish","hentry","entry"],"acf":[],"yoast_head":"<!-- This site is optimized with the Yoast SEO Premium plugin v26.2 (Yoast SEO v26.5) - https:\/\/yoast.com\/wordpress\/plugins\/seo\/ -->\n<title>Start learning with our Video on Demand<\/title>\n<meta name=\"description\" content=\"Explore insightful educational videos featuring daily commentary, market outlook, and valuable trading tips in our comprehensive collection.\" \/>\n<meta name=\"robots\" content=\"index, follow, max-snippet:-1, max-image-preview:large, max-video-preview:-1\" \/>\n<link rel=\"canonical\" href=\"https:\/\/www.t4trade.com\/vi\/education\/video-on-demand\/\" \/>\n<meta property=\"og:locale\" content=\"vi_VN\" \/>\n<meta property=\"og:type\" content=\"article\" \/>\n<meta property=\"og:title\" content=\"Video on Demand\" \/>\n<meta property=\"og:description\" content=\"Explore insightful educational videos featuring daily commentary, market outlook, and valuable trading tips in our comprehensive collection.\" \/>\n<meta property=\"og:url\" content=\"https:\/\/www.t4trade-be.com\/vi\/education\/video-on-demand\/\" \/>\n<meta property=\"og:site_name\" content=\"T4Trade\" \/>\n<meta property=\"article:modified_time\" content=\"2025-12-18T11:52:06+00:00\" \/>\n<meta name=\"twitter:card\" content=\"summary_large_image\" \/>\n<meta name=\"twitter:label1\" content=\"\u01af\u1edbc t\u00ednh th\u1eddi gian \u0111\u1ecdc\" \/>\n\t<meta name=\"twitter:data1\" content=\"1 ph\u00fat\" \/>\n<script type=\"application\/ld+json\" class=\"yoast-schema-graph\">{\"@context\":\"https:\/\/schema.org\",\"@graph\":[{\"@type\":\"WebPage\",\"@id\":\"https:\/\/www.t4trade-be.com\/vi\/education\/video-on-demand\/\",\"url\":\"https:\/\/www.t4trade-be.com\/vi\/education\/video-on-demand\/\",\"name\":\"Start learning with our Video on Demand\",\"isPartOf\":{\"@id\":\"https:\/\/www.t4trade-be.com\/vi\/#website\"},\"datePublished\":\"2022-06-01T05:38:03+00:00\",\"dateModified\":\"2025-12-18T11:52:06+00:00\",\"description\":\"Explore insightful educational videos featuring daily commentary, market outlook, and valuable trading tips in our comprehensive collection.\",\"breadcrumb\":{\"@id\":\"https:\/\/www.t4trade-be.com\/vi\/education\/video-on-demand\/#breadcrumb\"},\"inLanguage\":\"vi\",\"potentialAction\":[{\"@type\":\"ReadAction\",\"target\":[\"https:\/\/www.t4trade-be.com\/vi\/education\/video-on-demand\/\"]}]},{\"@type\":\"BreadcrumbList\",\"@id\":\"https:\/\/www.t4trade-be.com\/vi\/education\/video-on-demand\/#breadcrumb\",\"itemListElement\":[{\"@type\":\"ListItem\",\"position\":1,\"name\":\"Home\",\"item\":\"https:\/\/www.t4trade-be.com\/vi\/\"},{\"@type\":\"ListItem\",\"position\":2,\"name\":\"Education\",\"item\":\"https:\/\/www.t4trade-be.com\/vi\/education\/\"},{\"@type\":\"ListItem\",\"position\":3,\"name\":\"Video on Demand\"}]},{\"@type\":\"WebSite\",\"@id\":\"https:\/\/www.t4trade-be.com\/vi\/#website\",\"url\":\"https:\/\/www.t4trade-be.com\/vi\/\",\"name\":\"T4Trade\",\"description\":\"\",\"publisher\":{\"@id\":\"https:\/\/www.t4trade-be.com\/vi\/#organization\"},\"potentialAction\":[{\"@type\":\"SearchAction\",\"target\":{\"@type\":\"EntryPoint\",\"urlTemplate\":\"https:\/\/www.t4trade-be.com\/vi\/?s={search_term_string}\"},\"query-input\":{\"@type\":\"PropertyValueSpecification\",\"valueRequired\":true,\"valueName\":\"search_term_string\"}}],\"inLanguage\":\"vi\"},{\"@type\":\"Organization\",\"@id\":\"https:\/\/www.t4trade-be.com\/vi\/#organization\",\"name\":\"T4Trade\",\"url\":\"https:\/\/www.t4trade-be.com\/vi\/\",\"logo\":{\"@type\":\"ImageObject\",\"inLanguage\":\"vi\",\"@id\":\"https:\/\/www.t4trade-be.com\/vi\/#\/schema\/logo\/image\/\",\"url\":\"\/wp-content\/uploads\/2021\/10\/Group.svg\",\"contentUrl\":\"\/wp-content\/uploads\/2021\/10\/Group.svg\",\"width\":145,\"height\":33,\"caption\":\"T4Trade\"},\"image\":{\"@id\":\"https:\/\/www.t4trade-be.com\/vi\/#\/schema\/logo\/image\/\"}}]}<\/script>\n<!-- \/ Yoast SEO Premium plugin. -->","yoast_head_json":{"title":"B\u1eaft \u0111\u1ea7u h\u1ecdc v\u1edbi Video theo Y\u00eau c\u1ea7u c\u1ee7a ch\u00fang t\u00f4i","description":"Kh\u00e1m ph\u00e1 video gi\u00e1o d\u1ee5c s\u00e2u s\u1eafc v\u1edbi b\u00ecnh lu\u1eadn h\u00e0ng ng\u00e0y, tri\u1ec3n v\u1ecdng th\u1ecb tr\u01b0\u1eddng v\u00e0 nh\u1eefng m\u1eb9o giao d\u1ecbch qu\u00fd b\u00e1u trong b\u1ed9 s\u01b0u t\u1eadp to\u00e0n di\u1ec7n c\u1ee7a ch\u00fang t\u00f4i.","robots":{"index":"index","follow":"follow","max-snippet":"max-snippet:-1","max-image-preview":"max-image-preview:large","max-video-preview":"max-video-preview:-1"},"canonical":"https:\/\/www.t4trade.com\/vi\/education\/video-on-demand\/","og_locale":"vi_VN","og_type":"article","og_title":"Video on Demand","og_description":"Explore insightful educational videos featuring daily commentary, market outlook, and valuable trading tips in our comprehensive collection.","og_url":"https:\/\/www.t4trade-be.com\/vi\/education\/video-on-demand\/","og_site_name":"T4Trade","article_modified_time":"2025-12-18T11:52:06+00:00","twitter_card":"summary_large_image","twitter_misc":{"\u01af\u1edbc t\u00ednh th\u1eddi gian \u0111\u1ecdc":"1 ph\u00fat"},"schema":{"@context":"https:\/\/schema.org","@graph":[{"@type":"WebPage","@id":"https:\/\/www.t4trade-be.com\/vi\/education\/video-on-demand\/","url":"https:\/\/www.t4trade-be.com\/vi\/education\/video-on-demand\/","name":"B\u1eaft \u0111\u1ea7u h\u1ecdc v\u1edbi Video theo Y\u00eau c\u1ea7u c\u1ee7a ch\u00fang t\u00f4i","isPartOf":{"@id":"https:\/\/www.t4trade-be.com\/vi\/#website"},"datePublished":"2022-06-01T05:38:03+00:00","dateModified":"2025-12-18T11:52:06+00:00","description":"Kh\u00e1m ph\u00e1 video gi\u00e1o d\u1ee5c s\u00e2u s\u1eafc v\u1edbi b\u00ecnh lu\u1eadn h\u00e0ng ng\u00e0y, tri\u1ec3n v\u1ecdng th\u1ecb tr\u01b0\u1eddng v\u00e0 nh\u1eefng m\u1eb9o giao d\u1ecbch qu\u00fd b\u00e1u trong b\u1ed9 s\u01b0u t\u1eadp to\u00e0n di\u1ec7n c\u1ee7a ch\u00fang t\u00f4i.","breadcrumb":{"@id":"https:\/\/www.t4trade-be.com\/vi\/education\/video-on-demand\/#breadcrumb"},"inLanguage":"vi","potentialAction":[{"@type":"ReadAction","target":["https:\/\/www.t4trade-be.com\/vi\/education\/video-on-demand\/"]}]},{"@type":"BreadcrumbList","@id":"https:\/\/www.t4trade-be.com\/vi\/education\/video-on-demand\/#breadcrumb","itemListElement":[{"@type":"ListItem","position":1,"name":"Home","item":"https:\/\/www.t4trade-be.com\/vi\/"},{"@type":"ListItem","position":2,"name":"Education","item":"https:\/\/www.t4trade-be.com\/vi\/education\/"},{"@type":"ListItem","position":3,"name":"Video on Demand"}]},{"@type":"WebSite","@id":"https:\/\/www.t4trade-be.com\/vi\/#website","url":"https:\/\/www.t4trade-be.com\/vi\/","name":"T4Trade","description":"","publisher":{"@id":"https:\/\/www.t4trade-be.com\/vi\/#organization"},"potentialAction":[{"@type":"SearchAction","target":{"@type":"EntryPoint","urlTemplate":"https:\/\/www.t4trade-be.com\/vi\/?s={search_term_string}"},"query-input":{"@type":"PropertyValueSpecification","valueRequired":true,"valueName":"search_term_string"}}],"inLanguage":"vi"},{"@type":"Organization","@id":"https:\/\/www.t4trade-be.com\/vi\/#organization","name":"T4Trade","url":"https:\/\/www.t4trade-be.com\/vi\/","logo":{"@type":"ImageObject","inLanguage":"vi","@id":"https:\/\/www.t4trade-be.com\/vi\/#\/schema\/logo\/image\/","url":"\/wp-content\/uploads\/2021\/10\/Group.svg","contentUrl":"\/wp-content\/uploads\/2021\/10\/Group.svg","width":145,"height":33,"caption":"T4Trade"},"image":{"@id":"https:\/\/www.t4trade-be.com\/vi\/#\/schema\/logo\/image\/"}}]}},"_links":{"self":[{"href":"https:\/\/www.t4trade-be.com\/vi\/wp-json\/wp\/v2\/pages\/11149","targetHints":{"allow":["GET"]}}],"collection":[{"href":"https:\/\/www.t4trade-be.com\/vi\/wp-json\/wp\/v2\/pages"}],"about":[{"href":"https:\/\/www.t4trade-be.com\/vi\/wp-json\/wp\/v2\/types\/page"}],"author":[{"embeddable":true,"href":"https:\/\/www.t4trade-be.com\/vi\/wp-json\/wp\/v2\/users\/1"}],"replies":[{"embeddable":true,"href":"https:\/\/www.t4trade-be.com\/vi\/wp-json\/wp\/v2\/comments?post=11149"}],"version-history":[{"count":10,"href":"https:\/\/www.t4trade-be.com\/vi\/wp-json\/wp\/v2\/pages\/11149\/revisions"}],"predecessor-version":[{"id":36277,"href":"https:\/\/www.t4trade-be.com\/vi\/wp-json\/wp\/v2\/pages\/11149\/revisions\/36277"}],"up":[{"embeddable":true,"href":"https:\/\/www.t4trade-be.com\/vi\/wp-json\/wp\/v2\/pages\/25678"}],"wp:attachment":[{"href":"https:\/\/www.t4trade-be.com\/vi\/wp-json\/wp\/v2\/media?parent=11149"}],"curies":[{"name":"wp","href":"https:\/\/api.w.org\/{rel}","templated":true}]}}